{"id":18,"date":"2021-05-25T21:57:58","date_gmt":"2021-05-25T21:57:58","guid":{"rendered":"https:\/\/liuha.fi\/Tuukka\/?page_id=18"},"modified":"2026-02-18T23:13:28","modified_gmt":"2026-02-18T23:13:28","slug":"tuukka","status":"publish","type":"page","link":"https:\/\/liuha.fi\/Tuukka\/tuukka","title":{"rendered":"Kuka olen"},"content":{"rendered":"<nav style=\"font-style:normal;font-weight:600;text-transform:uppercase;\" class=\"items-justified-center has-text-decoration-underline alignfull wp-block-navigation is-content-justification-center is-layout-flex wp-container-core-navigation-is-layout-16018d1d wp-block-navigation-is-layout-flex\" aria-label=\"P\u00e4\u00e4valikko\"><ul style=\"font-style:normal;font-weight:600;text-transform:uppercase;\" class=\"wp-block-navigation__container items-justified-center has-text-decoration-underline alignfull wp-block-navigation\"><li class=\" wp-block-navigation-item wp-block-navigation-link\"><a class=\"wp-block-navigation-item__content\"  href=\"https:\/\/liuha.fi\/Tuukka\/tuukka\"><span class=\"wp-block-navigation-item__label\">Kuka olen<\/span><\/a><\/li><li class=\" wp-block-navigation-item wp-block-navigation-link\"><a class=\"wp-block-navigation-item__content\"  href=\"https:\/\/liuha.fi\/Tuukka\/kokemusta-ja-osaamista\"><span class=\"wp-block-navigation-item__label\">Kokemusta ja osaamista<\/span><\/a><\/li><li class=\" wp-block-navigation-item wp-block-navigation-link\"><a class=\"wp-block-navigation-item__content\"  href=\"https:\/\/liuha.fi\/Tuukka\/tavoitteet-ja-teemat\"><span class=\"wp-block-navigation-item__label\">Tavoitteet ja teemat<\/span><\/a><\/li><li class=\" wp-block-navigation-item wp-block-navigation-link\"><a class=\"wp-block-navigation-item__content\"  href=\"https:\/\/liuha.fi\/Tuukka\/videot\"><span class=\"wp-block-navigation-item__label\">Videoita &#038; suosituksia<\/span><\/a><\/li><li class=\" wp-block-navigation-item wp-block-navigation-link\"><a class=\"wp-block-navigation-item__content\"  href=\"https:\/\/liuha.fi\/Tuukka\/kuvia\"><span class=\"wp-block-navigation-item__label\">Kuvia<\/span><\/a><\/li><li class=\" wp-block-navigation-item wp-block-navigation-link\"><a class=\"wp-block-navigation-item__content\"  href=\"https:\/\/liuha.fi\/Tuukka\/yhteystiedot\"><span class=\"wp-block-navigation-item__label\">Yhteystiedot<\/span><\/a><\/li><li class=\" wp-block-navigation-item wp-block-navigation-link\"><a class=\"wp-block-navigation-item__content\"  href=\"https:\/\/liuha.fi\/Tuukka\/english\"><span class=\"wp-block-navigation-item__label\">English<\/span><\/a><\/li><\/ul><\/nav>\n\n\n<h2 class=\"wp-block-heading\">Kuka olen<\/h2>\n\n\n\n<div class=\"wp-block-media-text alignwide is-stacked-on-mobile is-vertically-aligned-top is-style-default\" style=\"grid-template-columns:24% auto\"><figure class=\"wp-block-media-text__media\"><img loading=\"lazy\" decoding=\"async\" width=\"815\" height=\"751\" src=\"https:\/\/liuha.fi\/Tuukka\/wp-content\/uploads\/2021\/05\/Tuukka-Liuha-hymy_luonto.jpg\" alt=\"\" class=\"wp-image-37 size-full\" srcset=\"https:\/\/liuha.fi\/Tuukka\/wp-content\/uploads\/2021\/05\/Tuukka-Liuha-hymy_luonto.jpg 815w, https:\/\/liuha.fi\/Tuukka\/wp-content\/uploads\/2021\/05\/Tuukka-Liuha-hymy_luonto-300x276.jpg 300w, https:\/\/liuha.fi\/Tuukka\/wp-content\/uploads\/2021\/05\/Tuukka-Liuha-hymy_luonto-768x708.jpg 768w\" sizes=\"auto, (max-width: 815px) 100vw, 815px\" \/><\/figure><div class=\"wp-block-media-text__content\">\n<p>Aktiivinen yritt\u00e4j\u00e4 jo 45-vuoden el\u00e4m\u00e4nkokemuksella rekoista ruokaturvaan ja liiketaloudesta l\u00e4himm\u00e4isenrakkauteen Koulutustaustaltani liiketalouden ja yritt\u00e4jyyden tradenomi sek\u00e4 yritt\u00e4j\u00e4n ammattitutkinnon ja hallitusammattilaisten HHJ-tutkinnon suorittanut.<\/p>\n\n\n\n<p><\/p>\n\n\n\n<p>Toistaiseksi monipaikkaiseen perhearkeen kuuluvat rakkaani ja h\u00e4nen yl\u00e4kouluik\u00e4inen poikansa sek\u00e4 virkes\u00e4ti i\u00e4kk\u00e4\u00e4t \u00e4iti ja set\u00e4.  Arvostan hyvinvointia ja turvallisuutta el\u00e4m\u00e4ss\u00e4. Kaipaan ymp\u00e4rilleni sellaisia ihmisi\u00e4, joihin voi oikeasti luottaa. Uskon, ett\u00e4 el\u00e4m\u00e4n muuttuessa ratkaisutkin kehittyv\u00e4t ja kantojaan pit\u00e4\u00e4 uskaltaa arvioida kriittisesti, mutta perusarvoista yhteiskunnassa kiinni pit\u00e4en. Arvostan laatuaikaa l\u00e4heisten seurassa, kun siihen on mahdollisuus. On paras tunne saada olla tukemassa pojan kasvua koulussa kohti aikuistuvaa nuorta miest\u00e4.  <\/p>\n\n\n\n<p><\/p>\n\n\n\n<p>Yhteisten asioiden hoitaminen luottamusteht\u00e4viss\u00e4 on minusta mielenkiintoista, haastavaa ja arvokasta. Siin\u00e4 kehittyy jatkuvasti oppimalla uutta ihmisist\u00e4 ja elinymp\u00e4rist\u00f6st\u00e4. Osaamiseni luottamusteht\u00e4viss\u00e4 on ehtinyt kasvaa karttua mm. valtuustoryhm\u00e4n puheenjohtajana sek\u00e4 kunnanhallituksessa. Aikaisemmin olen ollut mm. lautakuntaty\u00f6ss\u00e4 sosiaali- ja sivistyssektoreilla. Sivistyslautakunnassa toimin my\u00f6s t\u00e4ll\u00e4 kaudella. Kuuluin Pirkanmaan Sairaanhoitopiirin hallitukseen Pirhan alkuun asti. Olen Lemp\u00e4\u00e4l\u00e4n Keskustan pj. Pirkanmaan Keskustan puheenjohtajana ja Keskustan puoluehallituksessa olin 2017-2023.<\/p>\n\n\n\n<p><\/p>\n\n\n\n<p>Toimin monitoimiyritt\u00e4j\u00e4n\u00e4 mm. maatalouden, talous- ja yrityshallintopalveluiden sek\u00e4 erilaisen kaluston myynnin- ja vuokrauksen parissa kotoani Lemp\u00e4\u00e4l\u00e4st\u00e4 k\u00e4sin. Pid\u00e4n my\u00f6s sivutoimisesti yll\u00e4 ammattiosaamistani polttonestes\u00e4ili\u00f6auton kuljettajana. Kokemusta l\u00f6ytyy kuljetusliikkeen luottamusmiehen teht\u00e4v\u00e4st\u00e4kin, mik\u00e4 mielest\u00e4ni kuvaa hyvin monipuolista kiinnostustani yhteisten asioiden hoitamiseen.<\/p>\n<\/div><\/div>\n\n\n\n<div class=\"wp-block-columns is-layout-flex wp-container-core-columns-is-layout-9d6595d7 wp-block-columns-is-layout-flex\">\n<div class=\"wp-block-column is-layout-flow wp-block-column-is-layout-flow\">\n<p><strong>Pieni\u00e4 piirteit\u00e4ni<\/strong><\/p>\n\n\n\n<div class=\"wp-block-columns is-layout-flex wp-container-core-columns-is-layout-9d6595d7 wp-block-columns-is-layout-flex\">\n<div class=\"wp-block-column is-layout-flow wp-block-column-is-layout-flow\" style=\"flex-basis:100%\">\n<ul class=\"wp-block-list\">\n<li>K\u00e4yt\u00e4nn\u00f6nl\u00e4heisyys<\/li>\n\n\n\n<li>Itsen\u00e4isyys, ei tarvetta menn\u00e4 virran mukana<\/li>\n\n\n\n<li>Hellytt\u00e4vien asioiden n\u00e4keminen arjen keskell\u00e4<\/li>\n\n\n\n<li>Kyky katsoa eteenp\u00e4in ja odottaa rauhassa saadakseen enemm\u00e4n<\/li>\n\n\n\n<li>Kest\u00e4v\u00e4n kumppanuuden tavoittelu<\/li>\n<\/ul>\n<\/div>\n<\/div>\n<\/div>\n\n\n\n<div class=\"wp-block-column is-layout-flow wp-block-column-is-layout-flow\">\n<p><strong>El\u00e4m\u00e4n polulta mieleen j\u00e4\u00e4nytt\u00e4<\/strong><\/p>\n\n\n\n<ul class=\"wp-block-list\">\n<li>Mit\u00e4\u00e4n suurta ei ole koskaan saatu aikaiseksi ilman intohimoa.<\/li>\n\n\n\n<li>Yksikk\u00f6koko kertoo siit\u00e4, ovatko yksityiskohdat t\u00e4rke\u00e4mpi\u00e4 kuin kokonaisuus vai p\u00e4invastoin.<\/li>\n\n\n\n<li>Tunteet eiv\u00e4t kuitenkaan h\u00e4vi\u00e4 minnek\u00e4\u00e4n, vaikka niiden olemassaolo kiellet\u00e4\u00e4n.<\/li>\n<\/ul>\n<\/div>\n<\/div>\n\n\n\n<p><strong><a rel=\"noreferrer noopener\" href=\"http:\/\/www.saimaharmaja.fi\/saiman-paras-runo\/\" target=\"_blank\" data-type=\"URL\" data-id=\"http:\/\/www.saimaharmaja.fi\/saiman-paras-runo\/\">Kaikilla kotisivuillani vuosien ajan seuranneen mielirunoni, RANNALLA, l\u00f6yd\u00e4t t\u00e4st\u00e4 linkist\u00e4<\/a><\/strong><\/p>\n\n\n\n<div class=\"wp-block-columns is-layout-flex wp-container-core-columns-is-layout-9d6595d7 wp-block-columns-is-layout-flex\">\n<div class=\"wp-block-column is-layout-flow wp-block-column-is-layout-flow\" style=\"flex-basis:100%\"><\/div>\n<\/div>\n\n\n\n<p><\/p>\n","protected":false},"excerpt":{"rendered":"<p>Kuka olen Aktiivinen yritt\u00e4j\u00e4 jo 45-vuoden el\u00e4m\u00e4nkokemuksella rekoista ruokaturvaan ja liiketaloudesta l\u00e4himm\u00e4isenrakkauteen Koulutustaustaltani liiketalouden ja yritt\u00e4jyyden tradenomi sek\u00e4 yritt\u00e4j\u00e4n ammattitutkinnon ja hallitusammattilaisten HHJ-tutkinnon suorittanut. Toistaiseksi monipaikkaiseen perhearkeen kuuluvat rakkaani ja h\u00e4nen yl\u00e4kouluik\u00e4inen poikansa sek\u00e4 virkes\u00e4ti i\u00e4kk\u00e4\u00e4t \u00e4iti ja set\u00e4. Arvostan hyvinvointia ja turvallisuutta el\u00e4m\u00e4ss\u00e4. Kaipaan ymp\u00e4rilleni sellaisia ihmisi\u00e4, joihin voi oikeasti luottaa. Uskon, ett\u00e4 el\u00e4m\u00e4n [&hellip;]<\/p>\n","protected":false},"author":1,"featured_media":0,"parent":0,"menu_order":0,"comment_status":"closed","ping_status":"closed","template":"","meta":{"_coblocks_attr":"","_coblocks_dimensions":"","_coblocks_responsive_height":"","_coblocks_accordion_ie_support":"","hide_page_title":"enabled","footnotes":""},"class_list":["post-18","page","type-page","status-publish","hentry"],"_links":{"self":[{"href":"https:\/\/liuha.fi\/Tuukka\/wp-json\/wp\/v2\/pages\/18","targetHints":{"allow":["GET"]}}],"collection":[{"href":"https:\/\/liuha.fi\/Tuukka\/wp-json\/wp\/v2\/pages"}],"about":[{"href":"https:\/\/liuha.fi\/Tuukka\/wp-json\/wp\/v2\/types\/page"}],"author":[{"embeddable":true,"href":"https:\/\/liuha.fi\/Tuukka\/wp-json\/wp\/v2\/users\/1"}],"replies":[{"embeddable":true,"href":"https:\/\/liuha.fi\/Tuukka\/wp-json\/wp\/v2\/comments?post=18"}],"version-history":[{"count":29,"href":"https:\/\/liuha.fi\/Tuukka\/wp-json\/wp\/v2\/pages\/18\/revisions"}],"predecessor-version":[{"id":505,"href":"https:\/\/liuha.fi\/Tuukka\/wp-json\/wp\/v2\/pages\/18\/revisions\/505"}],"wp:attachment":[{"href":"https:\/\/liuha.fi\/Tuukka\/wp-json\/wp\/v2\/media?parent=18"}],"curies":[{"name":"wp","href":"https:\/\/api.w.org\/{rel}","templated":true}]}}