{"id":19,"date":"2021-05-25T21:57:58","date_gmt":"2021-05-25T21:57:58","guid":{"rendered":"https:\/\/liuha.fi\/Tuukka\/?page_id=19"},"modified":"2026-02-18T23:20:27","modified_gmt":"2026-02-18T23:20:27","slug":"kokemusta-ja-osaamista","status":"publish","type":"page","link":"https:\/\/liuha.fi\/Tuukka\/kokemusta-ja-osaamista","title":{"rendered":"Kokemusta ja osaamista"},"content":{"rendered":"<nav style=\"font-style:normal;font-weight:600;text-transform:uppercase;\" class=\"items-justified-center has-text-decoration-underline alignfull wp-block-navigation is-content-justification-center is-layout-flex wp-container-core-navigation-is-layout-16018d1d wp-block-navigation-is-layout-flex\" aria-label=\"P\u00e4\u00e4valikko\"><ul style=\"font-style:normal;font-weight:600;text-transform:uppercase;\" class=\"wp-block-navigation__container items-justified-center has-text-decoration-underline alignfull wp-block-navigation\"><li class=\" wp-block-navigation-item wp-block-navigation-link\"><a class=\"wp-block-navigation-item__content\"  href=\"https:\/\/liuha.fi\/Tuukka\/tuukka\"><span class=\"wp-block-navigation-item__label\">Kuka olen<\/span><\/a><\/li><li class=\" wp-block-navigation-item wp-block-navigation-link\"><a class=\"wp-block-navigation-item__content\"  href=\"https:\/\/liuha.fi\/Tuukka\/kokemusta-ja-osaamista\"><span class=\"wp-block-navigation-item__label\">Kokemusta ja osaamista<\/span><\/a><\/li><li class=\" wp-block-navigation-item wp-block-navigation-link\"><a class=\"wp-block-navigation-item__content\"  href=\"https:\/\/liuha.fi\/Tuukka\/tavoitteet-ja-teemat\"><span class=\"wp-block-navigation-item__label\">Tavoitteet ja teemat<\/span><\/a><\/li><li class=\" wp-block-navigation-item wp-block-navigation-link\"><a class=\"wp-block-navigation-item__content\"  href=\"https:\/\/liuha.fi\/Tuukka\/videot\"><span class=\"wp-block-navigation-item__label\">Videoita &#038; suosituksia<\/span><\/a><\/li><li class=\" wp-block-navigation-item wp-block-navigation-link\"><a class=\"wp-block-navigation-item__content\"  href=\"https:\/\/liuha.fi\/Tuukka\/kuvia\"><span class=\"wp-block-navigation-item__label\">Kuvia<\/span><\/a><\/li><li class=\" wp-block-navigation-item wp-block-navigation-link\"><a class=\"wp-block-navigation-item__content\"  href=\"https:\/\/liuha.fi\/Tuukka\/yhteystiedot\"><span class=\"wp-block-navigation-item__label\">Yhteystiedot<\/span><\/a><\/li><li class=\" wp-block-navigation-item wp-block-navigation-link\"><a class=\"wp-block-navigation-item__content\"  href=\"https:\/\/liuha.fi\/Tuukka\/english\"><span class=\"wp-block-navigation-item__label\">English<\/span><\/a><\/li><\/ul><\/nav>\n\n\n<h2 class=\"wp-block-heading\">Kokemusta ja osaamista<\/h2>\n\n\n\n<pre class=\"wp-block-preformatted\"><em>\"Olen yritteli\u00e4s ihminen, jonka kiinnostuksen kohteena on ollut nuoresta alkaen yhteiskunnallisten ongelmien ratkominen sek\u00e4 turvallisen, h\u00e4t\u00e4\u00e4n joutuvista huolta pit\u00e4v\u00e4n ja yksil\u00f6\u00e4 kunnioittavan julkisen p\u00e4\u00e4t\u00f6ksenteon rakentaminen.\" <\/em><\/pre>\n\n\n\n<div class=\"wp-block-columns is-layout-flex wp-container-core-columns-is-layout-9d6595d7 wp-block-columns-is-layout-flex\">\n<div class=\"wp-block-column is-layout-flow wp-block-column-is-layout-flow\">\n<h3 class=\"wp-block-heading\">Koulutusta<\/h3>\n\n\n\n<figure class=\"wp-block-image size-large\"><img decoding=\"async\" src=\"https:\/\/liuha.fi\/Tuukka\/wp-content\/uploads\/2023\/04\/IMG_20211112_152026-1024x473.jpg\" alt=\"Tuukka Liuha Proakatemia, TAMK\" class=\"wp-image-437\"\/><\/figure>\n\n\n\n<p>Ylioppilas 2000<\/p>\n\n\n\n<p>Yhdistelm\u00e4nkuljettaja 2002<\/p>\n\n\n\n<p>Yritt\u00e4j\u00e4n ammattitutkinto 2007<\/p>\n\n\n\n<p>Liiketalouden Tradenomi, TAMK ProAkatemia 2008<\/p>\n\n\n\n<p>Liikenteest\u00e4 vastaavan p\u00e4tevyys tavara- ja henkil\u00f6liikenteeseen 2010<\/p>\n\n\n\n<p>Erikoistumisopinnot, yritt\u00e4jyys ja liiketoiminnan kehitt\u00e4minen 2011<\/p>\n\n\n\n<p>Hyv\u00e4ksytty hallituksen j\u00e4sen, HHJ-tutkinto 2012<\/p>\n\n\n\n<p><\/p>\n\n\n\n<h3 class=\"wp-block-heading\">Ty\u00f6h\u00f6n tarttuen<\/h3>\n\n\n\n<figure class=\"wp-block-image size-large is-resized\"><img loading=\"lazy\" decoding=\"async\" width=\"1024\" height=\"768\" src=\"https:\/\/liuha.fi\/Tuukka\/wp-content\/uploads\/2023\/04\/Tuukka-Liuha-maatalouskonemessut-2022-1024x768.jpg\" alt=\"Tuukka Liuha Maatalouskonemessut 2022 \" class=\"wp-image-435\" style=\"width:258px;height:193px\" srcset=\"https:\/\/liuha.fi\/Tuukka\/wp-content\/uploads\/2023\/04\/Tuukka-Liuha-maatalouskonemessut-2022-1024x768.jpg 1024w, https:\/\/liuha.fi\/Tuukka\/wp-content\/uploads\/2023\/04\/Tuukka-Liuha-maatalouskonemessut-2022-300x225.jpg 300w, https:\/\/liuha.fi\/Tuukka\/wp-content\/uploads\/2023\/04\/Tuukka-Liuha-maatalouskonemessut-2022-768x576.jpg 768w, https:\/\/liuha.fi\/Tuukka\/wp-content\/uploads\/2023\/04\/Tuukka-Liuha-maatalouskonemessut-2022-1536x1153.jpg 1536w, https:\/\/liuha.fi\/Tuukka\/wp-content\/uploads\/2023\/04\/Tuukka-Liuha-maatalouskonemessut-2022.jpg 1575w\" sizes=\"auto, (max-width: 1024px) 100vw, 1024px\" \/><\/figure>\n\n\n\n<p><strong>Ty\u00f6ntekij\u00e4n\u00e4<\/strong> <br>nuori maatalouslomittaja kes\u00e4t\u00f6iss\u00e4, autonkuljettaja, s\u00e4ili\u00f6autonkuljettaja, luottamusmies, talousp\u00e4\u00e4llikk\u00f6 \/ projektivastaava.&nbsp;<\/p>\n\n\n\n<p><strong>Monitoimiyritt\u00e4j\u00e4n\u00e4<\/strong><br>ajoneuvokauppaa, maahantuontia ja asiointipalveluita, vaihtelevia projektit\u00f6it\u00e4, yrityskonsultointia&nbsp; <\/p>\n\n\n\n<p><strong>Maatalousyritt\u00e4j\u00e4n\u00e4<\/strong><br>yhteisell\u00e4 kotitilalla<\/p>\n\n\n\n<p><\/p>\n\n\n\n<h3 class=\"wp-block-heading\">Harrastaen<\/h3>\n\n\n\n<p>Lukeminen, j\u00e4rjest\u00f6toiminta, nikkarointi, elokuvat, autot ja moni oma ty\u00f6 ym.<\/p>\n\n\n\n<p><\/p>\n\n\n\n<figure class=\"wp-block-image size-large\"><img loading=\"lazy\" decoding=\"async\" width=\"789\" height=\"1024\" src=\"https:\/\/liuha.fi\/Tuukka\/wp-content\/uploads\/2022\/08\/Tuukka_henkselit_volvo.png-789x1024.jpg\" alt=\"\" class=\"wp-image-170\" srcset=\"https:\/\/liuha.fi\/Tuukka\/wp-content\/uploads\/2022\/08\/Tuukka_henkselit_volvo.png-789x1024.jpg 789w, https:\/\/liuha.fi\/Tuukka\/wp-content\/uploads\/2022\/08\/Tuukka_henkselit_volvo.png-231x300.jpg 231w, https:\/\/liuha.fi\/Tuukka\/wp-content\/uploads\/2022\/08\/Tuukka_henkselit_volvo.png-768x996.jpg 768w, https:\/\/liuha.fi\/Tuukka\/wp-content\/uploads\/2022\/08\/Tuukka_henkselit_volvo.png-1184x1536.jpg 1184w, https:\/\/liuha.fi\/Tuukka\/wp-content\/uploads\/2022\/08\/Tuukka_henkselit_volvo.png-1579x2048.jpg 1579w, https:\/\/liuha.fi\/Tuukka\/wp-content\/uploads\/2022\/08\/Tuukka_henkselit_volvo.png-scaled.jpg 1973w\" sizes=\"auto, (max-width: 789px) 100vw, 789px\" \/><\/figure>\n<\/div>\n\n\n\n<div class=\"wp-block-column is-layout-flow wp-block-column-is-layout-flow\">\n<h3 class=\"wp-block-heading\">Luottamusta ja kokemusta<\/h3>\n\n\n\n<figure class=\"wp-block-image size-large\"><img loading=\"lazy\" decoding=\"async\" width=\"1024\" height=\"461\" src=\"https:\/\/liuha.fi\/Tuukka\/wp-content\/uploads\/2023\/03\/20230223_122107-1024x461.jpg\" alt=\"Tuukka Liuha TAYS 2023\" class=\"wp-image-270\" srcset=\"https:\/\/liuha.fi\/Tuukka\/wp-content\/uploads\/2023\/03\/20230223_122107-1024x461.jpg 1024w, https:\/\/liuha.fi\/Tuukka\/wp-content\/uploads\/2023\/03\/20230223_122107-300x135.jpg 300w, https:\/\/liuha.fi\/Tuukka\/wp-content\/uploads\/2023\/03\/20230223_122107-768x346.jpg 768w, https:\/\/liuha.fi\/Tuukka\/wp-content\/uploads\/2023\/03\/20230223_122107-1536x691.jpg 1536w, https:\/\/liuha.fi\/Tuukka\/wp-content\/uploads\/2023\/03\/20230223_122107-2048x922.jpg 2048w\" sizes=\"auto, (max-width: 1024px) 100vw, 1024px\" \/><\/figure>\n\n\n\n<p><strong>Lemp\u00e4\u00e4l\u00e4n kunta: <\/strong> <br>kunnanhallituksen vpj. valtuustoryhm\u00e4n pj.<\/p>\n\n\n\n<p><\/p>\n\n\n\n<p><strong>Lemp\u00e4\u00e4l\u00e4n seurakunta:<\/strong><br>Kirkkovaltuuston ja kirkkoneuvoston j\u00e4sen. <\/p>\n\n\n\n<p><\/p>\n\n\n\n<p><strong>Pirkanmaan Hyvinvointialua: <\/strong> <br>Yksil\u00f6jaoston varaj\u00e4sen<\/p>\n\n\n\n<p><\/p>\n\n\n\n<p><strong>Pirkanmaan sairaanhoitopiiri:<\/strong> Hallituksen j\u00e4sen 2013-2022, Terveyden edist\u00e4misen neuvottelukunnan j\u00e4sen 2013-2022.  Valtuuston j\u00e4sen 2004-2017.  Fimlab Oy:n hallituksen j\u00e4sen perustamisesta vuoteen 2013.&nbsp;<\/p>\n\n\n\n<p><\/p>\n\n\n\n<figure class=\"wp-block-image size-large\"><img loading=\"lazy\" decoding=\"async\" width=\"1024\" height=\"628\" src=\"https:\/\/liuha.fi\/Tuukka\/wp-content\/uploads\/2023\/04\/Tuukka-Liuha-Keskustanuorten-kultainen-ansiomerkki-2022-e1681466214661-1024x628.jpg\" alt=\"\" class=\"wp-image-442\" srcset=\"https:\/\/liuha.fi\/Tuukka\/wp-content\/uploads\/2023\/04\/Tuukka-Liuha-Keskustanuorten-kultainen-ansiomerkki-2022-e1681466214661-1024x628.jpg 1024w, https:\/\/liuha.fi\/Tuukka\/wp-content\/uploads\/2023\/04\/Tuukka-Liuha-Keskustanuorten-kultainen-ansiomerkki-2022-e1681466214661-300x184.jpg 300w, https:\/\/liuha.fi\/Tuukka\/wp-content\/uploads\/2023\/04\/Tuukka-Liuha-Keskustanuorten-kultainen-ansiomerkki-2022-e1681466214661-768x471.jpg 768w, https:\/\/liuha.fi\/Tuukka\/wp-content\/uploads\/2023\/04\/Tuukka-Liuha-Keskustanuorten-kultainen-ansiomerkki-2022-e1681466214661.jpg 1354w\" sizes=\"auto, (max-width: 1024px) 100vw, 1024px\" \/><\/figure>\n\n\n\n<p><strong>Keskusta: <\/strong><br>Pirkanmaan piirin puheenjohtaja 2016-2023 ja puoluehallituksen j\u00e4sen -2024. Lemp\u00e4\u00e4l\u00e4n Keskustan puheenjohtaja<br><\/p>\n\n\n\n<p><strong>Yhteis\u00f6iss\u00e4: <\/strong><br>MTK-Pirkanmaan pj.,Pirkanmaan Voimia Oy:n hallitus, MTK-Lemp\u00e4\u00e4l\u00e4n johtokunta, Kiinteist\u00f6 Oy Majauskodin hallitus, Lemp\u00e4\u00e4l\u00e4n-Vesilahden Syd\u00e4nyhdistyksen hallituksen pj. Lemp\u00e4\u00e4l\u00e4-seuran hallituksen pj. OP Tampereen hallintoneuvosto <br><br><strong>Aikaisempaa kokemusta: <\/strong> <br>opetuslautakunta 2021-2025, sosiaali- ja terveyslautakunta 2000-2017 varsinainen, vara, vpj. valtuustoryhm\u00e4n pj., kunnanhallitus,<\/p>\n\n\n\n<p>Kes\u00e4lukioseura ry:n hallitus&#8230;<\/p>\n\n\n\n<p><\/p>\n\n\n\n<figure class=\"wp-block-image size-large\"><img loading=\"lazy\" decoding=\"async\" width=\"1024\" height=\"473\" src=\"https:\/\/liuha.fi\/Tuukka\/wp-content\/uploads\/2021\/05\/Tuukka_aanestys_1-1024x473.jpg\" alt=\"\" class=\"wp-image-52\" srcset=\"https:\/\/liuha.fi\/Tuukka\/wp-content\/uploads\/2021\/05\/Tuukka_aanestys_1-1024x473.jpg 1024w, https:\/\/liuha.fi\/Tuukka\/wp-content\/uploads\/2021\/05\/Tuukka_aanestys_1-300x139.jpg 300w, https:\/\/liuha.fi\/Tuukka\/wp-content\/uploads\/2021\/05\/Tuukka_aanestys_1-768x355.jpg 768w, https:\/\/liuha.fi\/Tuukka\/wp-content\/uploads\/2021\/05\/Tuukka_aanestys_1-1536x710.jpg 1536w, https:\/\/liuha.fi\/Tuukka\/wp-content\/uploads\/2021\/05\/Tuukka_aanestys_1.jpg 1575w\" sizes=\"auto, (max-width: 1024px) 100vw, 1024px\" \/><\/figure>\n<\/div>\n<\/div>\n","protected":false},"excerpt":{"rendered":"<p>Kokemusta ja osaamista &#8221;Olen yritteli\u00e4s ihminen, jonka kiinnostuksen kohteena on ollut nuoresta alkaen yhteiskunnallisten ongelmien ratkominen sek\u00e4 turvallisen, h\u00e4t\u00e4\u00e4n joutuvista huolta pit\u00e4v\u00e4n ja yksil\u00f6\u00e4 kunnioittavan julkisen p\u00e4\u00e4t\u00f6ksenteon rakentaminen.&#8221; Koulutusta Ylioppilas 2000 Yhdistelm\u00e4nkuljettaja 2002 Yritt\u00e4j\u00e4n ammattitutkinto 2007 Liiketalouden Tradenomi, TAMK ProAkatemia 2008 Liikenteest\u00e4 vastaavan p\u00e4tevyys tavara- ja henkil\u00f6liikenteeseen 2010 Erikoistumisopinnot, yritt\u00e4jyys ja liiketoiminnan kehitt\u00e4minen 2011 Hyv\u00e4ksytty [&hellip;]<\/p>\n","protected":false},"author":1,"featured_media":0,"parent":0,"menu_order":0,"comment_status":"closed","ping_status":"closed","template":"","meta":{"_coblocks_attr":"","_coblocks_dimensions":"","_coblocks_responsive_height":"","_coblocks_accordion_ie_support":"","hide_page_title":"enabled","footnotes":""},"class_list":["post-19","page","type-page","status-publish","hentry"],"_links":{"self":[{"href":"https:\/\/liuha.fi\/Tuukka\/wp-json\/wp\/v2\/pages\/19","targetHints":{"allow":["GET"]}}],"collection":[{"href":"https:\/\/liuha.fi\/Tuukka\/wp-json\/wp\/v2\/pages"}],"about":[{"href":"https:\/\/liuha.fi\/Tuukka\/wp-json\/wp\/v2\/types\/page"}],"author":[{"embeddable":true,"href":"https:\/\/liuha.fi\/Tuukka\/wp-json\/wp\/v2\/users\/1"}],"replies":[{"embeddable":true,"href":"https:\/\/liuha.fi\/Tuukka\/wp-json\/wp\/v2\/comments?post=19"}],"version-history":[{"count":25,"href":"https:\/\/liuha.fi\/Tuukka\/wp-json\/wp\/v2\/pages\/19\/revisions"}],"predecessor-version":[{"id":507,"href":"https:\/\/liuha.fi\/Tuukka\/wp-json\/wp\/v2\/pages\/19\/revisions\/507"}],"wp:attachment":[{"href":"https:\/\/liuha.fi\/Tuukka\/wp-json\/wp\/v2\/media?parent=19"}],"curies":[{"name":"wp","href":"https:\/\/api.w.org\/{rel}","templated":true}]}}